{"id":18222,"date":"2022-02-03T11:03:00","date_gmt":"2022-02-03T10:03:00","guid":{"rendered":"https:\/\/gastropares.se\/?post_type=product&#038;p=18222"},"modified":"2022-02-08T13:05:37","modified_gmt":"2022-02-08T12:05:37","slug":"handledning-vid-kostbehandling-av-personer-med-diabetes-och-gastropares","status":"publish","type":"product","link":"https:\/\/gastropares.se\/index.php\/produkt\/handledning-vid-kostbehandling-av-personer-med-diabetes-och-gastropares\/","title":{"rendered":"Handledning vid kostbehandling av personer med diabetes och gastropares"},"content":{"rendered":"<div class=\"et_pb_blurb_description\">\n<p>Boken v\u00e4nder sig framf\u00f6rallt till dietister och diabetessk\u00f6terskor, men \u00e4ven andra v\u00e5rdgivare.<\/p>\n<p>Vid diabetes kan man f\u00e5 f\u00f6ljdsjukdomar t.ex. gastrointestinal autonom neuropati (GAN) \u00e4ven kallad gastropares. Hur m\u00e5nga det r\u00f6r sig om \u00e4r oklart d\u00e5 en del personer inte har n\u00e5gra gastrointestinala symptom utan enbart en f\u00f6rs\u00e4mrad metabol kontroll.<\/p>\n<p>I boken finner du information om orsaken till gastropares. Illustrationer visar tydligt j\u00e4mf\u00f6relsen mellan normal- och gastropares-motorik. Du finner ocks\u00e5 information om olika symptom och dess orsaker, samt k\u00e4nnetecken och andra sjukdomstillst\u00e5nd d\u00e4r gastropares f\u00f6rekommer. Boken tar ocks\u00e5 upp hur gastropares utreds och redog\u00f6r f\u00f6r principerna f\u00f6r kostbehandlingen samt medicinsk behandling vid gastropares.<\/p>\n<\/div>\n","protected":false},"excerpt":{"rendered":"<p>I boken finner du information om orsaken till gastropares. Illustrationer visar tydligt j\u00e4mf\u00f6relsen mellan normal- och gastropares-motorik. Du finner ocks\u00e5 information om olika symptom och dess orsaker, samt k\u00e4nnetecken och andra sjukdomstillst\u00e5nd d\u00e4r gastropares f\u00f6rekommer. Boken tar ocks\u00e5 upp hur gastropares utreds och redog\u00f6r f\u00f6r principerna f\u00f6r kostbehandlingen samt medicinsk behandling vid gastropares.<\/p>\n","protected":false},"featured_media":18337,"template":"","meta":{"_et_pb_use_builder":"","_et_pb_old_content":"","_et_gb_content_width":""},"product_brand":[],"product_cat":[34],"product_tag":[],"class_list":{"0":"post-18222","1":"product","2":"type-product","3":"status-publish","4":"has-post-thumbnail","6":"product_cat-bocker","8":"first","9":"instock","10":"taxable","11":"shipping-taxable","12":"purchasable","13":"product-type-simple"},"aioseo_notices":[],"_links":{"self":[{"href":"https:\/\/gastropares.se\/index.php\/wp-json\/wp\/v2\/product\/18222","targetHints":{"allow":["GET"]}}],"collection":[{"href":"https:\/\/gastropares.se\/index.php\/wp-json\/wp\/v2\/product"}],"about":[{"href":"https:\/\/gastropares.se\/index.php\/wp-json\/wp\/v2\/types\/product"}],"wp:featuredmedia":[{"embeddable":true,"href":"https:\/\/gastropares.se\/index.php\/wp-json\/wp\/v2\/media\/18337"}],"wp:attachment":[{"href":"https:\/\/gastropares.se\/index.php\/wp-json\/wp\/v2\/media?parent=18222"}],"wp:term":[{"taxonomy":"product_brand","embeddable":true,"href":"https:\/\/gastropares.se\/index.php\/wp-json\/wp\/v2\/product_brand?post=18222"},{"taxonomy":"product_cat","embeddable":true,"href":"https:\/\/gastropares.se\/index.php\/wp-json\/wp\/v2\/product_cat?post=18222"},{"taxonomy":"product_tag","embeddable":true,"href":"https:\/\/gastropares.se\/index.php\/wp-json\/wp\/v2\/product_tag?post=18222"}],"curies":[{"name":"wp","href":"https:\/\/api.w.org\/{rel}","templated":true}]}}