{"id":18223,"date":"2022-02-03T11:07:58","date_gmt":"2022-02-03T10:07:58","guid":{"rendered":"https:\/\/gastropares.se\/?post_type=product&#038;p=18223"},"modified":"2022-02-03T12:21:28","modified_gmt":"2022-02-03T11:21:28","slug":"overheadsats-del-2-pa-cd","status":"publish","type":"product","link":"https:\/\/gastropares.se\/index.php\/produkt\/overheadsats-del-2-pa-cd\/","title":{"rendered":"Overheadsats (del 2) p\u00e5 CD"},"content":{"rendered":"<div class=\"et_pb_blurb_description\">\n<p align=\"left\">Overhead-satsen kan anv\u00e4ndas vid information till patienter samt f\u00f6redrag f\u00f6r v\u00e5rdgivare om gastropares. Satsen best\u00e5r av 46 sidor. Tydliga illustrationer visar normal motorik och avvikande motorik vid gastropares. Symptom orsakad av\u00a0ol\u00e4mplig mat tydligg\u00f6rs och r\u00e4tt mat visas.<\/p>\n<p align=\"left\">CD2 inneh\u00e5ller ett kompendium med f\u00f6rklarande text till varje OH-bild.<\/p>\n<\/div>\n","protected":false},"excerpt":{"rendered":"<p>Overhead-satsen kan anv\u00e4ndas vid information till patienter samt f\u00f6redrag f\u00f6r v\u00e5rdgivare om gastropares. Satsen best\u00e5r av 46 sidor. Tydliga illustrationer visar normal motorik och avvikande motorik vid gastropares. Symptom orsakad av\u00a0ol\u00e4mplig mat tydligg\u00f6rs och r\u00e4tt mat visas. CD2 inneh\u00e5ller ett kompendium med f\u00f6rklarande text till varje OH-bild.<\/p>\n","protected":false},"featured_media":18224,"template":"","meta":{"_et_pb_use_builder":"off","_et_pb_old_content":"<div class=\"et_pb_blurb_description\">\r\n\r\nBoken \"R\u00e4tt p\u00e5 r\u00e4tt s\u00e4tt\" \u00e4r riktad som r\u00e5d och hj\u00e4lp till diabetiker. Inneh\u00e5ller recept p\u00e5 soppor, gr\u00f6nsaks-, k\u00f6tt- och fiskr\u00e4tter samt goda s\u00e5ser och desserter. L\u00e4s mer under knappen \u201dR\u00e4tt p\u00e5 R\u00e4tt S\u00e4tt\u201d. Boken finns \u00e4ven inl\u00e4st p\u00e5 CD f\u00f6r Daisy-spelare.\r\n\r\nBoken inneh\u00e5ller exempel p\u00e5 symptom vid f\u00f6rdr\u00f6jd mags\u00e4ckst\u00f6mning. Den visar hur mags\u00e4cken arbetar b\u00e5de normalt samt med minskad motorik (tydliga illustrationer p\u00e5 f\u00f6domotoriken). Boken tar ocks\u00e5 upp att hela mag- och tarmkanalen har minskad motorik. H\u00e4r ges exempel p\u00e5 sv\u00e5r- och l\u00e4ttsm\u00e4lt mat samt hur viktigt det \u00e4r med balans mellan maten och insulinets verkningsprofil. Boken beskriver orsaker till respektive symptom. H\u00e4r f\u00f6rklaras ocks\u00e5 hur maten b\u00f6r vara vid gastropares.\r\n\r\nI boken hittar du menyf\u00f6rslag och l\u00e4mpliga recept p\u00e5 soppor, gr\u00f6nsaks-, fisk-, kyckling- och k\u00f6ttr\u00e4tter samt goda s\u00e5ser och desserter.\r\n\r\n<\/div>","_et_gb_content_width":""},"product_brand":[],"product_cat":[35],"product_tag":[],"class_list":{"0":"post-18223","1":"product","2":"type-product","3":"status-publish","4":"has-post-thumbnail","6":"product_cat-cd","8":"first","9":"instock","10":"taxable","11":"shipping-taxable","12":"purchasable","13":"product-type-simple"},"aioseo_notices":[],"_links":{"self":[{"href":"https:\/\/gastropares.se\/index.php\/wp-json\/wp\/v2\/product\/18223","targetHints":{"allow":["GET"]}}],"collection":[{"href":"https:\/\/gastropares.se\/index.php\/wp-json\/wp\/v2\/product"}],"about":[{"href":"https:\/\/gastropares.se\/index.php\/wp-json\/wp\/v2\/types\/product"}],"wp:featuredmedia":[{"embeddable":true,"href":"https:\/\/gastropares.se\/index.php\/wp-json\/wp\/v2\/media\/18224"}],"wp:attachment":[{"href":"https:\/\/gastropares.se\/index.php\/wp-json\/wp\/v2\/media?parent=18223"}],"wp:term":[{"taxonomy":"product_brand","embeddable":true,"href":"https:\/\/gastropares.se\/index.php\/wp-json\/wp\/v2\/product_brand?post=18223"},{"taxonomy":"product_cat","embeddable":true,"href":"https:\/\/gastropares.se\/index.php\/wp-json\/wp\/v2\/product_cat?post=18223"},{"taxonomy":"product_tag","embeddable":true,"href":"https:\/\/gastropares.se\/index.php\/wp-json\/wp\/v2\/product_tag?post=18223"}],"curies":[{"name":"wp","href":"https:\/\/api.w.org\/{rel}","templated":true}]}}